{"id":592,"date":"2022-05-06T14:21:46","date_gmt":"2022-05-06T12:21:46","guid":{"rendered":"https:\/\/www.imb-systems.de\/site-notice\/"},"modified":"2022-10-08T16:19:53","modified_gmt":"2022-10-08T14:19:53","slug":"site-notice","status":"publish","type":"page","link":"https:\/\/imb-systems.de\/en\/site-notice\/","title":{"rendered":"site notice"},"content":{"rendered":"<p>[vc_row][vc_column width=&#8221;1\/1&#8243;][vc_raw_html]PGgxPnNpdGUgbm90aWNlPC9oMT4KCjxoMj5JbmZvcm1hdGlvbiBhY2NvcmRpbmcgdG8gwqcgNSBUTUc8L2gyPgo8cD5pbWIgR21iSDxicj4KQW0gR2VpZXJzYmVyZyAxOTxicj4KNjU1NTggR8O8Y2tpbmdlbjwvcD4KCjxwPlRyYWRlIFJlZ2lzdGVyOiBIUkIgMjc5MTI8YnI+ClJlZ2lzdHJ5IGNvdXJ0OiBNb250YWJhdXIgTG9jYWwgQ291cnQ8L3A+Cgo8cD48c3Ryb25nPlJlcHJlc2VudGVkIGJ5Ojwvc3Ryb25nPjxicj4KVGltbyBQb2dnZW1hbm4sIE1pY2hhZWwgQnLDtm1sYWdlPC9wPgoKPGgyPkNvbnRhY3Q8L2gyPgo8cD5UZWxlcGhvbmU6ICs0OSA2NDMyIDY0MDk1MTA8YnI+CkUtTWFpbDogaW5mb0BpbWItc3lzdGVtcy5kZTwvcD4KCjxoMj5TYWxlcyB0YXggSUQ8L2gyPgo8cD5TYWxlcyB0YXggaWRlbnRpZmljYXRpb24gbnVtYmVyIGFjY29yZGluZyB0byDCpyAyNyBhIFNhbGVzIFRheCBBY3Q6PGJyPgpERTMyMTk0NTQzMzwvcD4KCjxoMj5FVSBEaXNwdXRlIFJlc29sdXRpb248L2gyPgo8cD5UaGUgRXVyb3BlYW4gQ29tbWlzc2lvbiBwcm92aWRlcyBhIHBsYXRmb3JtIGZvciBvbmxpbmUgZGlzcHV0ZSByZXNvbHV0aW9uIChPRFIpOiA8YSBocmVmPSJodHRwczovL2VjLmV1cm9wYS5ldS9jb25zdW1lcnMvb2RyLyIgdGFyZ2V0PSJfYmxhbmsiIHJlbD0ibm9vcGVuZXIgbm9yZWZlcnJlciI+aHR0cHM6Ly9lYy5ldXJvcGEuZXUvY29uc3VtZXJzL29kci88L2E+Ljxicj4gWW91IGNhbiBmaW5kIG91ciBlLW1haWwgYWRkcmVzcyBpbiB0aGUgc2l0ZSBub3RpY2UgYWJvdmUuPC9wPgoKPGgyPkNvbnN1bWVyIGRpc3B1dGUgcmVzb2x1dGlvbi8gdW5pdmVyc2FsIGFyYml0cmF0aW9uIGJvYXJkPC9oMj4KPHA+V2UgYXJlIG5vdCB3aWxsaW5nIG9yIG9ibGlnYXRlZCB0byBwYXJ0aWNpcGF0ZSBpbiBkaXNwdXRlIHJlc29sdXRpb24gcHJvY2VlZGluZ3MgYmVmb3JlIGEKY29uc3VtZXIgYXJiaXRyYXRpb24gYm9hcmQuPC9wPgoK[\/vc_raw_html][vc_custom_heading uncode_shortcode_id=&#8221;189796&#8243;]Design &amp; Realization[\/vc_custom_heading][vc_column_text uncode_shortcode_id=&#8221;645757&#8243;]<strong>mister bk! GmbH<br \/>\n<\/strong>Vinzenz-Pallotti-Str. 18<br \/>\n65552 Limburg \/ Lahn<br \/>\n<a href=\"https:\/\/www.mister-bk.de\/\" target=\"_blank\" rel=\"noopener\">www.mister-bk.de<\/a>[\/vc_column_text][vc_custom_heading uncode_shortcode_id=&#8221;586948&#8243;]Image sources and rights[\/vc_custom_heading][vc_column_text uncode_shortcode_id=&#8221;101635&#8243;]iStock: <a href=\"https:\/\/www.istock.com\/\" target=\"_blank\" rel=\"noopener\">www.istock.com<\/a><br \/>\nUnsplash: <a href=\"https:\/\/unsplash.com\/\" target=\"_blank\" rel=\"noopener\">www.unsplash.com<\/a><br \/>\nIconmonstr: <a href=\"https:\/\/iconmonstr.com\/\" target=\"_blank\" rel=\"noopener\">www.iconmonstr.com<\/a><br \/>\nIcons made by <a title=\"Eucalyp\" href=\"https:\/\/www.flaticon.com\/authors\/eucalyp\"> Eucalyp <\/a> from <a title=\"Flaticon\" href=\"https:\/\/www.flaticon.com\/\">www.flaticon.com<\/a><\/p>\n<p>[\/vc_column_text][\/vc_column][\/vc_row]<\/p>\n","protected":false},"excerpt":{"rendered":"<p>[vc_row][vc_column width=&#8221;1\/1&#8243;][vc_raw_html]PGgxPnNpdGUgbm90aWNlPC9oMT4KCjxoMj5JbmZvcm1hdGlvbiBhY2NvcmRpbmcgdG8gwqcgNSBUTUc8L2gyPgo8cD5pbWIgR21iSDxicj4KQW0gR2VpZXJzYmVyZyAxOTxicj4KNjU1NTggR8O8Y2tpbmdlbjwvcD4KCjxwPlRyYWRlIFJlZ2lzdGVyOiBIUkIgMjc5MTI8YnI+ClJlZ2lzdHJ5IGNvdXJ0OiBNb250YWJhdXIgTG9jYWwgQ291cnQ8L3A+Cgo8cD48c3Ryb25nPlJlcHJlc2VudGVkIGJ5Ojwvc3Ryb25nPjxicj4KVGltbyBQb2dnZW1hbm4sIE1pY2hhZWwgQnLDtm1sYWdlPC9wPgoKPGgyPkNvbnRhY3Q8L2gyPgo8cD5UZWxlcGhvbmU6ICs0OSA2NDMyIDY0MDk1MTA8YnI+CkUtTWFpbDogaW5mb0BpbWItc3lzdGVtcy5kZTwvcD4KCjxoMj5TYWxlcyB0YXggSUQ8L2gyPgo8cD5TYWxlcyB0YXggaWRlbnRpZmljYXRpb24gbnVtYmVyIGFjY29yZGluZyB0byDCpyAyNyBhIFNhbGVzIFRheCBBY3Q6PGJyPgpERTMyMTk0NTQzMzwvcD4KCjxoMj5FVSBEaXNwdXRlIFJlc29sdXRpb248L2gyPgo8cD5UaGUgRXVyb3BlYW4gQ29tbWlzc2lvbiBwcm92aWRlcyBhIHBsYXRmb3JtIGZvciBvbmxpbmUgZGlzcHV0ZSByZXNvbHV0aW9uIChPRFIpOiA8YSBocmVmPSJodHRwczovL2VjLmV1cm9wYS5ldS9jb25zdW1lcnMvb2RyLyIgdGFyZ2V0PSJfYmxhbmsiIHJlbD0ibm9vcGVuZXIgbm9yZWZlcnJlciI+aHR0cHM6Ly9lYy5ldXJvcGEuZXUvY29uc3VtZXJzL29kci88L2E+Ljxicj4gWW91IGNhbiBmaW5kIG91ciBlLW1haWwgYWRkcmVzcyBpbiB0aGUgc2l0ZSBub3RpY2UgYWJvdmUuPC9wPgoKPGgyPkNvbnN1bWVyIGRpc3B1dGUgcmVzb2x1dGlvbi8gdW5pdmVyc2FsIGFyYml0cmF0aW9uIGJvYXJkPC9oMj4KPHA+V2UgYXJlIG5vdCB3aWxsaW5nIG9yIG9ibGlnYXRlZCB0byBwYXJ0aWNpcGF0ZSBpbiBkaXNwdXRlIHJlc29sdXRpb24gcHJvY2VlZGluZ3MgYmVmb3JlIGEKY29uc3VtZXIgYXJiaXRyYXRpb24gYm9hcmQuPC9wPgoK[\/vc_raw_html][vc_custom_heading uncode_shortcode_id=&#8221;189796&#8243;]Design &amp; Realization[\/vc_custom_heading][vc_column_text uncode_shortcode_id=&#8221;645757&#8243;]mister bk! GmbH Vinzenz-Pallotti-Str. 18 65552 Limburg \/ Lahn www.mister-bk.de[\/vc_column_text][vc_custom_heading uncode_shortcode_id=&#8221;586948&#8243;]Image sources and rights[\/vc_custom_heading][vc_column_text uncode_shortcode_id=&#8221;101635&#8243;]iStock: www.istock.com Unsplash: www.unsplash.com Iconmonstr: www.iconmonstr.com Icons made by Eucalyp from www.flaticon.com [\/vc_column_text][\/vc_column][\/vc_row]<\/p>\n","protected":false},"author":1,"featured_media":0,"parent":0,"menu_order":0,"comment_status":"closed","ping_status":"closed","template":"","meta":[],"yoast_head":"<!-- This site is optimized with the Yoast SEO plugin v21.8.1 - https:\/\/yoast.com\/wordpress\/plugins\/seo\/ -->\n<title>site notice | imb GmbH<\/title>\n<meta name=\"description\" content=\"site notice\" \/>\n<meta name=\"robots\" content=\"index, follow, max-snippet:-1, max-image-preview:large, max-video-preview:-1\" \/>\n<link rel=\"canonical\" href=\"https:\/\/imb-systems.de\/en\/site-notice\/\" \/>\n<meta property=\"og:locale\" content=\"en_US\" \/>\n<meta property=\"og:type\" content=\"article\" \/>\n<meta property=\"og:title\" content=\"site notice | imb GmbH\" \/>\n<meta property=\"og:description\" content=\"site notice\" \/>\n<meta property=\"og:url\" content=\"https:\/\/imb-systems.de\/en\/site-notice\/\" \/>\n<meta property=\"og:site_name\" content=\"imb GmbH\" \/>\n<meta property=\"article:publisher\" content=\"https:\/\/www.facebook.com\/ideasmeetbuildings\/\" \/>\n<meta property=\"article:modified_time\" content=\"2022-10-08T14:19:53+00:00\" \/>\n<meta name=\"twitter:card\" content=\"summary_large_image\" \/>\n<meta name=\"twitter:label1\" content=\"Est. reading time\" \/>\n\t<meta name=\"twitter:data1\" content=\"1 minute\" \/>\n<script type=\"application\/ld+json\" class=\"yoast-schema-graph\">{\"@context\":\"https:\/\/schema.org\",\"@graph\":[{\"@type\":\"WebPage\",\"@id\":\"https:\/\/imb-systems.de\/en\/site-notice\/\",\"url\":\"https:\/\/imb-systems.de\/en\/site-notice\/\",\"name\":\"site notice | imb GmbH\",\"isPartOf\":{\"@id\":\"https:\/\/imb-systems.de\/en\/#website\"},\"datePublished\":\"2022-05-06T12:21:46+00:00\",\"dateModified\":\"2022-10-08T14:19:53+00:00\",\"description\":\"site notice\",\"breadcrumb\":{\"@id\":\"https:\/\/imb-systems.de\/en\/site-notice\/#breadcrumb\"},\"inLanguage\":\"en-US\",\"potentialAction\":[{\"@type\":\"ReadAction\",\"target\":[\"https:\/\/imb-systems.de\/en\/site-notice\/\"]}]},{\"@type\":\"BreadcrumbList\",\"@id\":\"https:\/\/imb-systems.de\/en\/site-notice\/#breadcrumb\",\"itemListElement\":[{\"@type\":\"ListItem\",\"position\":1,\"name\":\"Startseite\",\"item\":\"https:\/\/imb-systems.de\/en\/\"},{\"@type\":\"ListItem\",\"position\":2,\"name\":\"site notice\"}]},{\"@type\":\"WebSite\",\"@id\":\"https:\/\/imb-systems.de\/en\/#website\",\"url\":\"https:\/\/imb-systems.de\/en\/\",\"name\":\"imb GmbH\",\"description\":\"Ihr Partner f\u00fcr exklusive und individuelle L\u00f6sungen rund um smarte Geb\u00e4udeautomation.\",\"publisher\":{\"@id\":\"https:\/\/imb-systems.de\/en\/#organization\"},\"potentialAction\":[{\"@type\":\"SearchAction\",\"target\":{\"@type\":\"EntryPoint\",\"urlTemplate\":\"https:\/\/imb-systems.de\/en\/?s={search_term_string}\"},\"query-input\":\"required name=search_term_string\"}],\"inLanguage\":\"en-US\"},{\"@type\":\"Organization\",\"@id\":\"https:\/\/imb-systems.de\/en\/#organization\",\"name\":\"imb GmbH\",\"url\":\"https:\/\/imb-systems.de\/en\/\",\"logo\":{\"@type\":\"ImageObject\",\"inLanguage\":\"en-US\",\"@id\":\"https:\/\/imb-systems.de\/en\/#\/schema\/logo\/image\/\",\"url\":\"https:\/\/imb-systems.de\/wp-content\/uploads\/2022\/05\/imb-logo-schwarz.svg\",\"contentUrl\":\"https:\/\/imb-systems.de\/wp-content\/uploads\/2022\/05\/imb-logo-schwarz.svg\",\"width\":134,\"height\":163,\"caption\":\"imb GmbH\"},\"image\":{\"@id\":\"https:\/\/imb-systems.de\/en\/#\/schema\/logo\/image\/\"},\"sameAs\":[\"https:\/\/www.facebook.com\/ideasmeetbuildings\/\",\"https:\/\/www.instagram.com\/imb_ideasmeetbuildings\/\",\"https:\/\/www.houzz.de\/experten\/planungsbueros\/imb-gmbh-pfvwde-pf~345552013\"]}]}<\/script>\n<!-- \/ Yoast SEO plugin. -->","yoast_head_json":{"title":"site notice | imb GmbH","description":"site notice","robots":{"index":"index","follow":"follow","max-snippet":"max-snippet:-1","max-image-preview":"max-image-preview:large","max-video-preview":"max-video-preview:-1"},"canonical":"https:\/\/imb-systems.de\/en\/site-notice\/","og_locale":"en_US","og_type":"article","og_title":"site notice | imb GmbH","og_description":"site notice","og_url":"https:\/\/imb-systems.de\/en\/site-notice\/","og_site_name":"imb GmbH","article_publisher":"https:\/\/www.facebook.com\/ideasmeetbuildings\/","article_modified_time":"2022-10-08T14:19:53+00:00","twitter_card":"summary_large_image","twitter_misc":{"Est. reading time":"1 minute"},"schema":{"@context":"https:\/\/schema.org","@graph":[{"@type":"WebPage","@id":"https:\/\/imb-systems.de\/en\/site-notice\/","url":"https:\/\/imb-systems.de\/en\/site-notice\/","name":"site notice | imb GmbH","isPartOf":{"@id":"https:\/\/imb-systems.de\/en\/#website"},"datePublished":"2022-05-06T12:21:46+00:00","dateModified":"2022-10-08T14:19:53+00:00","description":"site notice","breadcrumb":{"@id":"https:\/\/imb-systems.de\/en\/site-notice\/#breadcrumb"},"inLanguage":"en-US","potentialAction":[{"@type":"ReadAction","target":["https:\/\/imb-systems.de\/en\/site-notice\/"]}]},{"@type":"BreadcrumbList","@id":"https:\/\/imb-systems.de\/en\/site-notice\/#breadcrumb","itemListElement":[{"@type":"ListItem","position":1,"name":"Startseite","item":"https:\/\/imb-systems.de\/en\/"},{"@type":"ListItem","position":2,"name":"site notice"}]},{"@type":"WebSite","@id":"https:\/\/imb-systems.de\/en\/#website","url":"https:\/\/imb-systems.de\/en\/","name":"imb GmbH","description":"Ihr Partner f\u00fcr exklusive und individuelle L\u00f6sungen rund um smarte Geb\u00e4udeautomation.","publisher":{"@id":"https:\/\/imb-systems.de\/en\/#organization"},"potentialAction":[{"@type":"SearchAction","target":{"@type":"EntryPoint","urlTemplate":"https:\/\/imb-systems.de\/en\/?s={search_term_string}"},"query-input":"required name=search_term_string"}],"inLanguage":"en-US"},{"@type":"Organization","@id":"https:\/\/imb-systems.de\/en\/#organization","name":"imb GmbH","url":"https:\/\/imb-systems.de\/en\/","logo":{"@type":"ImageObject","inLanguage":"en-US","@id":"https:\/\/imb-systems.de\/en\/#\/schema\/logo\/image\/","url":"https:\/\/imb-systems.de\/wp-content\/uploads\/2022\/05\/imb-logo-schwarz.svg","contentUrl":"https:\/\/imb-systems.de\/wp-content\/uploads\/2022\/05\/imb-logo-schwarz.svg","width":134,"height":163,"caption":"imb GmbH"},"image":{"@id":"https:\/\/imb-systems.de\/en\/#\/schema\/logo\/image\/"},"sameAs":["https:\/\/www.facebook.com\/ideasmeetbuildings\/","https:\/\/www.instagram.com\/imb_ideasmeetbuildings\/","https:\/\/www.houzz.de\/experten\/planungsbueros\/imb-gmbh-pfvwde-pf~345552013"]}]}},"_links":{"self":[{"href":"https:\/\/imb-systems.de\/en\/wp-json\/wp\/v2\/pages\/592"}],"collection":[{"href":"https:\/\/imb-systems.de\/en\/wp-json\/wp\/v2\/pages"}],"about":[{"href":"https:\/\/imb-systems.de\/en\/wp-json\/wp\/v2\/types\/page"}],"author":[{"embeddable":true,"href":"https:\/\/imb-systems.de\/en\/wp-json\/wp\/v2\/users\/1"}],"replies":[{"embeddable":true,"href":"https:\/\/imb-systems.de\/en\/wp-json\/wp\/v2\/comments?post=592"}],"version-history":[{"count":2,"href":"https:\/\/imb-systems.de\/en\/wp-json\/wp\/v2\/pages\/592\/revisions"}],"predecessor-version":[{"id":594,"href":"https:\/\/imb-systems.de\/en\/wp-json\/wp\/v2\/pages\/592\/revisions\/594"}],"wp:attachment":[{"href":"https:\/\/imb-systems.de\/en\/wp-json\/wp\/v2\/media?parent=592"}],"curies":[{"name":"wp","href":"https:\/\/api.w.org\/{rel}","templated":true}]}}