{"id":3199,"date":"2023-04-27T15:15:20","date_gmt":"2023-04-27T13:15:20","guid":{"rendered":"https:\/\/imb-systems.de\/blog\/"},"modified":"2024-07-16T22:26:26","modified_gmt":"2024-07-16T20:26:26","slug":"blog","status":"publish","type":"page","link":"https:\/\/imb-systems.de\/en\/blog\/","title":{"rendered":"Blog"},"content":{"rendered":"\t\t<div data-elementor-type=\"wp-page\" data-elementor-id=\"3199\" class=\"elementor elementor-3199 elementor-2549\">\n\t\t\t\t\t\t\t<div class=\"elementor-element elementor-element-8ea5b69 e-con-full e-con\" data-id=\"8ea5b69\" data-element_type=\"container\" data-settings=\"{&quot;content_width&quot;:&quot;full&quot;,&quot;background_background&quot;:&quot;classic&quot;}\">\n\t\t<div class=\"elementor-element elementor-element-f259d2f e-con-boxed e-con\" data-id=\"f259d2f\" data-element_type=\"container\" data-settings=\"{&quot;content_width&quot;:&quot;boxed&quot;}\">\n\t\t\t\t\t<div class=\"e-con-inner\">\n\t\t\t\t<div class=\"elementor-element elementor-element-bae7698 elementor-widget elementor-widget-heading\" data-id=\"bae7698\" data-element_type=\"widget\" data-widget_type=\"heading.default\">\n\t\t\t\t<div class=\"elementor-widget-container\">\n\t\t\t<style>\/*! elementor - v3.12.2 - 23-04-2023 *\/\n.elementor-heading-title{padding:0;margin:0;line-height:1}.elementor-widget-heading .elementor-heading-title[class*=elementor-size-]>a{color:inherit;font-size:inherit;line-height:inherit}.elementor-widget-heading .elementor-heading-title.elementor-size-small{font-size:15px}.elementor-widget-heading .elementor-heading-title.elementor-size-medium{font-size:19px}.elementor-widget-heading .elementor-heading-title.elementor-size-large{font-size:29px}.elementor-widget-heading .elementor-heading-title.elementor-size-xl{font-size:39px}.elementor-widget-heading .elementor-heading-title.elementor-size-xxl{font-size:59px}<\/style><h1 class=\"elementor-heading-title elementor-size-default\">BLOG.<br>SMART HOME KNOWLEDGE.<br>NEWS.<\/h1>\t\t<\/div>\n\t\t\t\t<\/div>\n\t\t\t\t\t<\/div>\n\t\t\t\t<\/div>\n\t\t\t\t<\/div>\n\t\t<div class=\"elementor-element elementor-element-3e84252 e-con-boxed e-con\" data-id=\"3e84252\" data-element_type=\"container\" data-settings=\"{&quot;content_width&quot;:&quot;boxed&quot;}\">\n\t\t\t\t\t<div class=\"e-con-inner\">\n\t\t\t\t<div class=\"elementor-element elementor-element-5c02e15 premium-blog-align-left elementor-widget elementor-widget-premium-addon-blog\" data-id=\"5c02e15\" data-element_type=\"widget\" data-settings=\"{&quot;premium_blog_grid&quot;:&quot;yes&quot;,&quot;premium_blog_layout&quot;:&quot;even&quot;,&quot;premium_blog_columns_number&quot;:&quot;50%&quot;,&quot;premium_blog_columns_number_tablet&quot;:&quot;50%&quot;,&quot;premium_blog_columns_number_mobile&quot;:&quot;100%&quot;}\" data-widget_type=\"premium-addon-blog.default\">\n\t\t\t\t<div class=\"elementor-widget-container\">\n\t\t\t\r\n\t\t\t\t<div class=\"premium-blog-wrap  premium-blog-even\" data-page=\"3199\">\r\n\t\t\t\t\t<div class=\"premium-blog-post-outer-container\" data-total=\"1\">\r\n\t\t\t<div class=\"premium-blog-post-container premium-blog-skin-modern\">\r\n\t\t\t\t\t\t\t\t\t<div class=\"premium-blog-thumb-effect-wrapper\">\r\n\t\t\t\t\t\t<div class=\"premium-blog-thumbnail-container premium-blog-zoomin-effect\">\r\n\t\t\t\t\t\t\t\t\t\t<a href=\"https:\/\/imb-systems.de\/en\/blogartikel-en\/bonnerimmobilienmesse2023\/\" target=\"_self\">\r\n\t\t\t<img decoding=\"async\" width=\"2365\" height=\"1330\" src=\"https:\/\/imb-systems.de\/wp-content\/uploads\/2023\/08\/IMG_3961.JPEG-e1693522994308.webp\" class=\"attachment-full size-full wp-image-3068\" alt=\"\" loading=\"lazy\" \/>\t\t\t<\/a>\r\n\t\t\t\t\t\t\t\t\t<\/div>\r\n\t\t\t\t\t\t\t\t\t\t\t\t\t<div class=\"premium-blog-effect-container premium-blog-framed-effect\">\r\n\t\t\t\t\t\t\t\t<a class=\"premium-blog-post-link\" href=\"https:\/\/imb-systems.de\/en\/blogartikel-en\/bonnerimmobilienmesse2023\/\" target=\"_self\"><span>Bonn&#8217;s real estate fair 2023<\/span><\/a>\r\n\t\t\t\t\t\t\t\t\t\t\t\t\t\t\t<\/div>\r\n\t\t\t\t\t\t\t\t\t\t\t<\/div>\r\n\t\t\t\t\t\t\t\t\t\t\t\t<div class=\"premium-blog-content-wrapper \">\r\n\r\n\t\t\t\t\t<div class=\"premium-blog-inner-container\">\r\n\r\n\t\t\t\t\t\t\t\t\t\t\t\t\t\t<h2 class=\"premium-blog-entry-title\">\r\n\t\t\t<a href=\"https:\/\/imb-systems.de\/en\/blogartikel-en\/bonnerimmobilienmesse2023\/\" target=\"_self\">\r\n\t\t\t\tBonn&#8217;s real estate fair 2023\t\t\t<\/a>\r\n\t\t<\/h2>\r\n\t\t\t\t<div class=\"premium-blog-entry-meta\">\r\n\t\t\t\r\n\t\t\t\t\t\t\t<span class=\"premium-blog-meta-separator\">\u2022<\/span>\r\n\t\t\t\t<div class=\"premium-blog-post-time premium-blog-meta-data\">\r\n\t\t\t\t\t<i class=\"fa fa-clock-o\" aria-hidden=\"true\"><\/i>\r\n\t\t\t\t\t<span>1. September 2023<\/span>\r\n\t\t\t\t<\/div>\r\n\t\t\t\r\n\t\t\t\r\n\t\t\t\t\t<\/div>\r\n\t\t\r\n\t\t\t\t\t<\/div>\r\n\r\n\t\t\t\t\t<p class=\"premium-blog-post-content\">For you at the real estate fair 2023 in Bonn! It was an exciting weekend for the imb team: Last Saturday, we \u2026<\/p>\t\t\t\t\t\r\n\t\t\t\t<\/div>\r\n\t\t\t<\/div>\r\n\t\t<\/div>\r\n\r\n\t\t\t\t<div class=\"premium-blog-post-outer-container\" data-total=\"1\">\r\n\t\t\t<div class=\"premium-blog-post-container premium-blog-skin-modern\">\r\n\t\t\t\t\t\t\t\t\t<div class=\"premium-blog-thumb-effect-wrapper\">\r\n\t\t\t\t\t\t<div class=\"premium-blog-thumbnail-container premium-blog-zoomin-effect\">\r\n\t\t\t\t\t\t\t\t\t\t<a href=\"https:\/\/imb-systems.de\/en\/blogartikel-en\/die-wichtigsten-fragen-zu-einem-smart-home\/\" target=\"_self\">\r\n\t\t\t<img decoding=\"async\" width=\"1456\" height=\"816\" src=\"https:\/\/imb-systems.de\/wp-content\/uploads\/2023\/04\/villa_with_modern_architecture_with_pool.png\" class=\"attachment-full size-full wp-image-2615\" alt=\"\" loading=\"lazy\" srcset=\"https:\/\/imb-systems.de\/wp-content\/uploads\/2023\/04\/villa_with_modern_architecture_with_pool.png 1456w, https:\/\/imb-systems.de\/wp-content\/uploads\/2023\/04\/villa_with_modern_architecture_with_pool-300x168.png 300w, https:\/\/imb-systems.de\/wp-content\/uploads\/2023\/04\/villa_with_modern_architecture_with_pool-1024x574.png 1024w, https:\/\/imb-systems.de\/wp-content\/uploads\/2023\/04\/villa_with_modern_architecture_with_pool-768x430.png 768w\" sizes=\"(max-width: 1456px) 100vw, 1456px\" \/>\t\t\t<\/a>\r\n\t\t\t\t\t\t\t\t\t<\/div>\r\n\t\t\t\t\t\t\t\t\t\t\t\t\t<div class=\"premium-blog-effect-container premium-blog-framed-effect\">\r\n\t\t\t\t\t\t\t\t<a class=\"premium-blog-post-link\" href=\"https:\/\/imb-systems.de\/en\/blogartikel-en\/die-wichtigsten-fragen-zu-einem-smart-home\/\" target=\"_self\"><span>The most important questions about a smart home<\/span><\/a>\r\n\t\t\t\t\t\t\t\t\t\t\t\t\t\t\t<\/div>\r\n\t\t\t\t\t\t\t\t\t\t\t<\/div>\r\n\t\t\t\t\t\t\t\t\t\t\t\t<div class=\"premium-blog-content-wrapper \">\r\n\r\n\t\t\t\t\t<div class=\"premium-blog-inner-container\">\r\n\r\n\t\t\t\t\t\t\t\t\t\t\t\t\t\t<h2 class=\"premium-blog-entry-title\">\r\n\t\t\t<a href=\"https:\/\/imb-systems.de\/en\/blogartikel-en\/die-wichtigsten-fragen-zu-einem-smart-home\/\" target=\"_self\">\r\n\t\t\t\tThe most important questions about a smart home\t\t\t<\/a>\r\n\t\t<\/h2>\r\n\t\t\t\t<div class=\"premium-blog-entry-meta\">\r\n\t\t\t\r\n\t\t\t\t\t\t\t<span class=\"premium-blog-meta-separator\">\u2022<\/span>\r\n\t\t\t\t<div class=\"premium-blog-post-time premium-blog-meta-data\">\r\n\t\t\t\t\t<i class=\"fa fa-clock-o\" aria-hidden=\"true\"><\/i>\r\n\t\t\t\t\t<span>28. April 2023<\/span>\r\n\t\t\t\t<\/div>\r\n\t\t\t\r\n\t\t\t\r\n\t\t\t\t\t<\/div>\r\n\t\t\r\n\t\t\t\t\t<\/div>\r\n\r\n\t\t\t\t\t<p class=\"premium-blog-post-content\">Both our customers and many interested parties often ask us very similar questions about smart homes. Here you can find out what \u2026<\/p>\t\t\t\t\t\r\n\t\t\t\t<\/div>\r\n\t\t\t<\/div>\r\n\t\t<\/div>\r\n\r\n\t\t\t\t<\/div>\r\n\r\n\t\t\t\t<\/div>\n\t\t\t\t<\/div>\n\t\t\t\t\t<\/div>\n\t\t\t\t<\/div>\n\t\t\t\t<section class=\"elementor-section elementor-top-section elementor-element elementor-element-ef55f32 elementor-section-boxed elementor-section-height-default elementor-section-height-default\" data-id=\"ef55f32\" data-element_type=\"section\" data-settings=\"{&quot;background_background&quot;:&quot;classic&quot;,&quot;animation&quot;:&quot;none&quot;}\">\n\t\t\t\t\t\t<div class=\"elementor-container elementor-column-gap-default\">\n\t\t\t\t\t<div class=\"elementor-column elementor-col-100 elementor-top-column elementor-element elementor-element-29a7526\" data-id=\"29a7526\" data-element_type=\"column\">\n\t\t\t<div class=\"elementor-widget-wrap elementor-element-populated\">\n\t\t\t\t\t\t\t\t<div class=\"elementor-element elementor-element-98793cb elementor-widget elementor-widget-heading\" data-id=\"98793cb\" data-element_type=\"widget\" data-settings=\"{&quot;_animation&quot;:&quot;none&quot;}\" data-widget_type=\"heading.default\">\n\t\t\t\t<div class=\"elementor-widget-container\">\n\t\t\t<h1 class=\"elementor-heading-title elementor-size-default\">You're looking for \nan individual <span class=\"green-text font-black\">smart home<\/span> tailored specifically to you?<\/h1>\t\t<\/div>\n\t\t\t\t<\/div>\n\t\t\t\t<div class=\"elementor-element elementor-element-5b1cfbd elementor-widget elementor-widget-heading\" data-id=\"5b1cfbd\" data-element_type=\"widget\" data-settings=\"{&quot;_animation&quot;:&quot;none&quot;}\" data-widget_type=\"heading.default\">\n\t\t\t\t<div class=\"elementor-widget-container\">\n\t\t\t<h2 class=\"elementor-heading-title elementor-size-default\">Your partner for exclusive and individual solutions around smart building automation.<\/h2>\t\t<\/div>\n\t\t\t\t<\/div>\n\t\t\t\t<div class=\"elementor-element elementor-element-2c1df9d elementor-mobile-align-justify elementor-widget elementor-widget-button\" data-id=\"2c1df9d\" data-element_type=\"widget\" data-settings=\"{&quot;_animation&quot;:&quot;none&quot;}\" data-widget_type=\"button.default\">\n\t\t\t\t<div class=\"elementor-widget-container\">\n\t\t\t\t\t<div class=\"elementor-button-wrapper\">\n\t\t\t<a href=\"https:\/\/outlook.office365.com\/owa\/calendar\/imbGmbH1@imbsystems.onmicrosoft.com\/bookings\/\" target=\"_blank\" class=\"elementor-button-link elementor-button elementor-size-sm\" role=\"button\">\n\t\t\t\t\t\t<span class=\"elementor-button-content-wrapper\">\n\t\t\t\t\t\t\t<span class=\"elementor-button-icon elementor-align-icon-right\">\n\t\t\t\t<i aria-hidden=\"true\" class=\"fas fa-arrow-right\"><\/i>\t\t\t<\/span>\n\t\t\t\t\t\t<span class=\"elementor-button-text\">Personal consultation <\/span>\n\t\t<\/span>\n\t\t\t\t\t<\/a>\n\t\t<\/div>\n\t\t\t\t<\/div>\n\t\t\t\t<\/div>\n\t\t\t\t\t<\/div>\n\t\t<\/div>\n\t\t\t\t\t\t\t<\/div>\n\t\t<\/section>\n\t\t\t\t\t\t\t<\/div>\n\t\t","protected":false},"excerpt":{"rendered":"<p>BLOG.SMART HOME KNOWLEDGE.NEWS. Bonner Immobilienmesse 2023 Bonner Immobilienmesse 2023 \u2022 1. September 2023 F\u00fcr euch auf der Bonner Immobilienmesse 2023! Es war ein aufregendes Wochenende f\u00fcr das Team von imb: Am vergangenen Samstag hatten wir \u2026 Die wichtigsten Fragen zu einem Smart Home Die wichtigsten Fragen zu einem Smart Home \u2022 28. April 2023 Sowohl [&hellip;]<\/p>\n","protected":false},"author":2,"featured_media":0,"parent":0,"menu_order":0,"comment_status":"closed","ping_status":"closed","template":"elementor_header_footer","meta":[],"yoast_head":"<!-- This site is optimized with the Yoast SEO plugin v21.8.1 - https:\/\/yoast.com\/wordpress\/plugins\/seo\/ -->\n<title>Blog | imb GmbH<\/title>\n<meta name=\"description\" content=\"The imb Smart Home Blog: KNX, Loxone and much more! Here you will find all the answers to your questions about smart technology.\" \/>\n<meta name=\"robots\" content=\"index, follow, max-snippet:-1, max-image-preview:large, max-video-preview:-1\" \/>\n<link rel=\"canonical\" href=\"https:\/\/imb-systems.de\/en\/blog\/\" \/>\n<meta property=\"og:locale\" content=\"en_US\" \/>\n<meta property=\"og:type\" content=\"article\" \/>\n<meta property=\"og:title\" content=\"Blog | imb GmbH\" \/>\n<meta property=\"og:description\" content=\"The imb Smart Home Blog: KNX, Loxone and much more! Here you will find all the answers to your questions about smart technology.\" \/>\n<meta property=\"og:url\" content=\"https:\/\/imb-systems.de\/en\/blog\/\" \/>\n<meta property=\"og:site_name\" content=\"imb GmbH\" \/>\n<meta property=\"article:publisher\" content=\"https:\/\/www.facebook.com\/ideasmeetbuildings\/\" \/>\n<meta property=\"article:modified_time\" content=\"2024-07-16T20:26:26+00:00\" \/>\n<meta property=\"og:image\" content=\"https:\/\/imb-systems.de\/wp-content\/uploads\/2023\/08\/IMG_3961.JPEG-e1693522994308.webp\" \/>\n<meta name=\"twitter:card\" content=\"summary_large_image\" \/>\n<meta name=\"twitter:label1\" content=\"Est. reading time\" \/>\n\t<meta name=\"twitter:data1\" content=\"1 minute\" \/>\n<script type=\"application\/ld+json\" class=\"yoast-schema-graph\">{\"@context\":\"https:\/\/schema.org\",\"@graph\":[{\"@type\":\"WebPage\",\"@id\":\"https:\/\/imb-systems.de\/en\/blog\/\",\"url\":\"https:\/\/imb-systems.de\/en\/blog\/\",\"name\":\"Blog | imb GmbH\",\"isPartOf\":{\"@id\":\"https:\/\/imb-systems.de\/en\/#website\"},\"datePublished\":\"2023-04-27T13:15:20+00:00\",\"dateModified\":\"2024-07-16T20:26:26+00:00\",\"description\":\"The imb Smart Home Blog: KNX, Loxone and much more! Here you will find all the answers to your questions about smart technology.\",\"breadcrumb\":{\"@id\":\"https:\/\/imb-systems.de\/en\/blog\/#breadcrumb\"},\"inLanguage\":\"en-US\",\"potentialAction\":[{\"@type\":\"ReadAction\",\"target\":[\"https:\/\/imb-systems.de\/en\/blog\/\"]}]},{\"@type\":\"BreadcrumbList\",\"@id\":\"https:\/\/imb-systems.de\/en\/blog\/#breadcrumb\",\"itemListElement\":[{\"@type\":\"ListItem\",\"position\":1,\"name\":\"Startseite\",\"item\":\"https:\/\/imb-systems.de\/en\/\"},{\"@type\":\"ListItem\",\"position\":2,\"name\":\"Blog\"}]},{\"@type\":\"WebSite\",\"@id\":\"https:\/\/imb-systems.de\/en\/#website\",\"url\":\"https:\/\/imb-systems.de\/en\/\",\"name\":\"imb GmbH\",\"description\":\"Ihr Partner f\u00fcr exklusive und individuelle L\u00f6sungen rund um smarte Geb\u00e4udeautomation.\",\"publisher\":{\"@id\":\"https:\/\/imb-systems.de\/en\/#organization\"},\"potentialAction\":[{\"@type\":\"SearchAction\",\"target\":{\"@type\":\"EntryPoint\",\"urlTemplate\":\"https:\/\/imb-systems.de\/en\/?s={search_term_string}\"},\"query-input\":\"required name=search_term_string\"}],\"inLanguage\":\"en-US\"},{\"@type\":\"Organization\",\"@id\":\"https:\/\/imb-systems.de\/en\/#organization\",\"name\":\"imb GmbH\",\"url\":\"https:\/\/imb-systems.de\/en\/\",\"logo\":{\"@type\":\"ImageObject\",\"inLanguage\":\"en-US\",\"@id\":\"https:\/\/imb-systems.de\/en\/#\/schema\/logo\/image\/\",\"url\":\"https:\/\/imb-systems.de\/wp-content\/uploads\/2022\/05\/imb-logo-schwarz.svg\",\"contentUrl\":\"https:\/\/imb-systems.de\/wp-content\/uploads\/2022\/05\/imb-logo-schwarz.svg\",\"width\":134,\"height\":163,\"caption\":\"imb GmbH\"},\"image\":{\"@id\":\"https:\/\/imb-systems.de\/en\/#\/schema\/logo\/image\/\"},\"sameAs\":[\"https:\/\/www.facebook.com\/ideasmeetbuildings\/\",\"https:\/\/www.instagram.com\/imb_ideasmeetbuildings\/\",\"https:\/\/www.houzz.de\/experten\/planungsbueros\/imb-gmbh-pfvwde-pf~345552013\"]}]}<\/script>\n<!-- \/ Yoast SEO plugin. -->","yoast_head_json":{"title":"Blog | imb GmbH","description":"The imb Smart Home Blog: KNX, Loxone and much more! Here you will find all the answers to your questions about smart technology.","robots":{"index":"index","follow":"follow","max-snippet":"max-snippet:-1","max-image-preview":"max-image-preview:large","max-video-preview":"max-video-preview:-1"},"canonical":"https:\/\/imb-systems.de\/en\/blog\/","og_locale":"en_US","og_type":"article","og_title":"Blog | imb GmbH","og_description":"The imb Smart Home Blog: KNX, Loxone and much more! Here you will find all the answers to your questions about smart technology.","og_url":"https:\/\/imb-systems.de\/en\/blog\/","og_site_name":"imb GmbH","article_publisher":"https:\/\/www.facebook.com\/ideasmeetbuildings\/","article_modified_time":"2024-07-16T20:26:26+00:00","og_image":[{"url":"https:\/\/imb-systems.de\/wp-content\/uploads\/2023\/08\/IMG_3961.JPEG-e1693522994308.webp"}],"twitter_card":"summary_large_image","twitter_misc":{"Est. reading time":"1 minute"},"schema":{"@context":"https:\/\/schema.org","@graph":[{"@type":"WebPage","@id":"https:\/\/imb-systems.de\/en\/blog\/","url":"https:\/\/imb-systems.de\/en\/blog\/","name":"Blog | imb GmbH","isPartOf":{"@id":"https:\/\/imb-systems.de\/en\/#website"},"datePublished":"2023-04-27T13:15:20+00:00","dateModified":"2024-07-16T20:26:26+00:00","description":"The imb Smart Home Blog: KNX, Loxone and much more! Here you will find all the answers to your questions about smart technology.","breadcrumb":{"@id":"https:\/\/imb-systems.de\/en\/blog\/#breadcrumb"},"inLanguage":"en-US","potentialAction":[{"@type":"ReadAction","target":["https:\/\/imb-systems.de\/en\/blog\/"]}]},{"@type":"BreadcrumbList","@id":"https:\/\/imb-systems.de\/en\/blog\/#breadcrumb","itemListElement":[{"@type":"ListItem","position":1,"name":"Startseite","item":"https:\/\/imb-systems.de\/en\/"},{"@type":"ListItem","position":2,"name":"Blog"}]},{"@type":"WebSite","@id":"https:\/\/imb-systems.de\/en\/#website","url":"https:\/\/imb-systems.de\/en\/","name":"imb GmbH","description":"Ihr Partner f\u00fcr exklusive und individuelle L\u00f6sungen rund um smarte Geb\u00e4udeautomation.","publisher":{"@id":"https:\/\/imb-systems.de\/en\/#organization"},"potentialAction":[{"@type":"SearchAction","target":{"@type":"EntryPoint","urlTemplate":"https:\/\/imb-systems.de\/en\/?s={search_term_string}"},"query-input":"required name=search_term_string"}],"inLanguage":"en-US"},{"@type":"Organization","@id":"https:\/\/imb-systems.de\/en\/#organization","name":"imb GmbH","url":"https:\/\/imb-systems.de\/en\/","logo":{"@type":"ImageObject","inLanguage":"en-US","@id":"https:\/\/imb-systems.de\/en\/#\/schema\/logo\/image\/","url":"https:\/\/imb-systems.de\/wp-content\/uploads\/2022\/05\/imb-logo-schwarz.svg","contentUrl":"https:\/\/imb-systems.de\/wp-content\/uploads\/2022\/05\/imb-logo-schwarz.svg","width":134,"height":163,"caption":"imb GmbH"},"image":{"@id":"https:\/\/imb-systems.de\/en\/#\/schema\/logo\/image\/"},"sameAs":["https:\/\/www.facebook.com\/ideasmeetbuildings\/","https:\/\/www.instagram.com\/imb_ideasmeetbuildings\/","https:\/\/www.houzz.de\/experten\/planungsbueros\/imb-gmbh-pfvwde-pf~345552013"]}]}},"_links":{"self":[{"href":"https:\/\/imb-systems.de\/en\/wp-json\/wp\/v2\/pages\/3199"}],"collection":[{"href":"https:\/\/imb-systems.de\/en\/wp-json\/wp\/v2\/pages"}],"about":[{"href":"https:\/\/imb-systems.de\/en\/wp-json\/wp\/v2\/types\/page"}],"author":[{"embeddable":true,"href":"https:\/\/imb-systems.de\/en\/wp-json\/wp\/v2\/users\/2"}],"replies":[{"embeddable":true,"href":"https:\/\/imb-systems.de\/en\/wp-json\/wp\/v2\/comments?post=3199"}],"version-history":[{"count":5,"href":"https:\/\/imb-systems.de\/en\/wp-json\/wp\/v2\/pages\/3199\/revisions"}],"predecessor-version":[{"id":3277,"href":"https:\/\/imb-systems.de\/en\/wp-json\/wp\/v2\/pages\/3199\/revisions\/3277"}],"wp:attachment":[{"href":"https:\/\/imb-systems.de\/en\/wp-json\/wp\/v2\/media?parent=3199"}],"curies":[{"name":"wp","href":"https:\/\/api.w.org\/{rel}","templated":true}]}}