{"id":3198,"date":"2023-04-28T01:19:25","date_gmt":"2023-04-27T23:19:25","guid":{"rendered":"https:\/\/imb-systems.de\/warum-imb\/"},"modified":"2024-07-16T22:24:30","modified_gmt":"2024-07-16T20:24:30","slug":"warum-imb","status":"publish","type":"page","link":"https:\/\/imb-systems.de\/en\/warum-imb\/","title":{"rendered":"Why imb?"},"content":{"rendered":"","protected":false},"excerpt":{"rendered":"","protected":false},"author":2,"featured_media":0,"parent":0,"menu_order":0,"comment_status":"closed","ping_status":"closed","template":"","meta":[],"yoast_head":"<!-- This site is optimized with the Yoast SEO plugin v21.8.1 - https:\/\/yoast.com\/wordpress\/plugins\/seo\/ -->\n<title>Why imb? | imb GmbH<\/title>\n<meta name=\"robots\" content=\"index, follow, max-snippet:-1, max-image-preview:large, max-video-preview:-1\" \/>\n<link rel=\"canonical\" href=\"https:\/\/imb-systems.de\/en\/warum-imb\/\" \/>\n<meta property=\"og:locale\" content=\"en_US\" \/>\n<meta property=\"og:type\" content=\"article\" \/>\n<meta property=\"og:title\" content=\"Why imb? | imb GmbH\" \/>\n<meta property=\"og:url\" content=\"https:\/\/imb-systems.de\/en\/warum-imb\/\" \/>\n<meta property=\"og:site_name\" content=\"imb GmbH\" \/>\n<meta property=\"article:publisher\" content=\"https:\/\/www.facebook.com\/ideasmeetbuildings\/\" \/>\n<meta property=\"article:modified_time\" content=\"2024-07-16T20:24:30+00:00\" \/>\n<meta name=\"twitter:card\" content=\"summary_large_image\" \/>\n<script type=\"application\/ld+json\" class=\"yoast-schema-graph\">{\"@context\":\"https:\/\/schema.org\",\"@graph\":[{\"@type\":\"WebPage\",\"@id\":\"https:\/\/imb-systems.de\/en\/warum-imb\/\",\"url\":\"https:\/\/imb-systems.de\/en\/warum-imb\/\",\"name\":\"Why imb? | imb GmbH\",\"isPartOf\":{\"@id\":\"https:\/\/imb-systems.de\/en\/#website\"},\"datePublished\":\"2023-04-27T23:19:25+00:00\",\"dateModified\":\"2024-07-16T20:24:30+00:00\",\"breadcrumb\":{\"@id\":\"https:\/\/imb-systems.de\/en\/warum-imb\/#breadcrumb\"},\"inLanguage\":\"en-US\",\"potentialAction\":[{\"@type\":\"ReadAction\",\"target\":[\"https:\/\/imb-systems.de\/en\/warum-imb\/\"]}]},{\"@type\":\"BreadcrumbList\",\"@id\":\"https:\/\/imb-systems.de\/en\/warum-imb\/#breadcrumb\",\"itemListElement\":[{\"@type\":\"ListItem\",\"position\":1,\"name\":\"Startseite\",\"item\":\"https:\/\/imb-systems.de\/en\/\"},{\"@type\":\"ListItem\",\"position\":2,\"name\":\"Why imb?\"}]},{\"@type\":\"WebSite\",\"@id\":\"https:\/\/imb-systems.de\/en\/#website\",\"url\":\"https:\/\/imb-systems.de\/en\/\",\"name\":\"imb GmbH\",\"description\":\"Ihr Partner f\u00fcr exklusive und individuelle L\u00f6sungen rund um smarte Geb\u00e4udeautomation.\",\"publisher\":{\"@id\":\"https:\/\/imb-systems.de\/en\/#organization\"},\"potentialAction\":[{\"@type\":\"SearchAction\",\"target\":{\"@type\":\"EntryPoint\",\"urlTemplate\":\"https:\/\/imb-systems.de\/en\/?s={search_term_string}\"},\"query-input\":\"required name=search_term_string\"}],\"inLanguage\":\"en-US\"},{\"@type\":\"Organization\",\"@id\":\"https:\/\/imb-systems.de\/en\/#organization\",\"name\":\"imb GmbH\",\"url\":\"https:\/\/imb-systems.de\/en\/\",\"logo\":{\"@type\":\"ImageObject\",\"inLanguage\":\"en-US\",\"@id\":\"https:\/\/imb-systems.de\/en\/#\/schema\/logo\/image\/\",\"url\":\"https:\/\/imb-systems.de\/wp-content\/uploads\/2022\/05\/imb-logo-schwarz.svg\",\"contentUrl\":\"https:\/\/imb-systems.de\/wp-content\/uploads\/2022\/05\/imb-logo-schwarz.svg\",\"width\":134,\"height\":163,\"caption\":\"imb GmbH\"},\"image\":{\"@id\":\"https:\/\/imb-systems.de\/en\/#\/schema\/logo\/image\/\"},\"sameAs\":[\"https:\/\/www.facebook.com\/ideasmeetbuildings\/\",\"https:\/\/www.instagram.com\/imb_ideasmeetbuildings\/\",\"https:\/\/www.houzz.de\/experten\/planungsbueros\/imb-gmbh-pfvwde-pf~345552013\"]}]}<\/script>\n<!-- \/ Yoast SEO plugin. -->","yoast_head_json":{"title":"Why imb? | imb GmbH","robots":{"index":"index","follow":"follow","max-snippet":"max-snippet:-1","max-image-preview":"max-image-preview:large","max-video-preview":"max-video-preview:-1"},"canonical":"https:\/\/imb-systems.de\/en\/warum-imb\/","og_locale":"en_US","og_type":"article","og_title":"Why imb? | imb GmbH","og_url":"https:\/\/imb-systems.de\/en\/warum-imb\/","og_site_name":"imb GmbH","article_publisher":"https:\/\/www.facebook.com\/ideasmeetbuildings\/","article_modified_time":"2024-07-16T20:24:30+00:00","twitter_card":"summary_large_image","schema":{"@context":"https:\/\/schema.org","@graph":[{"@type":"WebPage","@id":"https:\/\/imb-systems.de\/en\/warum-imb\/","url":"https:\/\/imb-systems.de\/en\/warum-imb\/","name":"Why imb? | imb GmbH","isPartOf":{"@id":"https:\/\/imb-systems.de\/en\/#website"},"datePublished":"2023-04-27T23:19:25+00:00","dateModified":"2024-07-16T20:24:30+00:00","breadcrumb":{"@id":"https:\/\/imb-systems.de\/en\/warum-imb\/#breadcrumb"},"inLanguage":"en-US","potentialAction":[{"@type":"ReadAction","target":["https:\/\/imb-systems.de\/en\/warum-imb\/"]}]},{"@type":"BreadcrumbList","@id":"https:\/\/imb-systems.de\/en\/warum-imb\/#breadcrumb","itemListElement":[{"@type":"ListItem","position":1,"name":"Startseite","item":"https:\/\/imb-systems.de\/en\/"},{"@type":"ListItem","position":2,"name":"Why imb?"}]},{"@type":"WebSite","@id":"https:\/\/imb-systems.de\/en\/#website","url":"https:\/\/imb-systems.de\/en\/","name":"imb GmbH","description":"Ihr Partner f\u00fcr exklusive und individuelle L\u00f6sungen rund um smarte Geb\u00e4udeautomation.","publisher":{"@id":"https:\/\/imb-systems.de\/en\/#organization"},"potentialAction":[{"@type":"SearchAction","target":{"@type":"EntryPoint","urlTemplate":"https:\/\/imb-systems.de\/en\/?s={search_term_string}"},"query-input":"required name=search_term_string"}],"inLanguage":"en-US"},{"@type":"Organization","@id":"https:\/\/imb-systems.de\/en\/#organization","name":"imb GmbH","url":"https:\/\/imb-systems.de\/en\/","logo":{"@type":"ImageObject","inLanguage":"en-US","@id":"https:\/\/imb-systems.de\/en\/#\/schema\/logo\/image\/","url":"https:\/\/imb-systems.de\/wp-content\/uploads\/2022\/05\/imb-logo-schwarz.svg","contentUrl":"https:\/\/imb-systems.de\/wp-content\/uploads\/2022\/05\/imb-logo-schwarz.svg","width":134,"height":163,"caption":"imb GmbH"},"image":{"@id":"https:\/\/imb-systems.de\/en\/#\/schema\/logo\/image\/"},"sameAs":["https:\/\/www.facebook.com\/ideasmeetbuildings\/","https:\/\/www.instagram.com\/imb_ideasmeetbuildings\/","https:\/\/www.houzz.de\/experten\/planungsbueros\/imb-gmbh-pfvwde-pf~345552013"]}]}},"_links":{"self":[{"href":"https:\/\/imb-systems.de\/en\/wp-json\/wp\/v2\/pages\/3198"}],"collection":[{"href":"https:\/\/imb-systems.de\/en\/wp-json\/wp\/v2\/pages"}],"about":[{"href":"https:\/\/imb-systems.de\/en\/wp-json\/wp\/v2\/types\/page"}],"author":[{"embeddable":true,"href":"https:\/\/imb-systems.de\/en\/wp-json\/wp\/v2\/users\/2"}],"replies":[{"embeddable":true,"href":"https:\/\/imb-systems.de\/en\/wp-json\/wp\/v2\/comments?post=3198"}],"version-history":[{"count":1,"href":"https:\/\/imb-systems.de\/en\/wp-json\/wp\/v2\/pages\/3198\/revisions"}],"predecessor-version":[{"id":3275,"href":"https:\/\/imb-systems.de\/en\/wp-json\/wp\/v2\/pages\/3198\/revisions\/3275"}],"wp:attachment":[{"href":"https:\/\/imb-systems.de\/en\/wp-json\/wp\/v2\/media?parent=3198"}],"curies":[{"name":"wp","href":"https:\/\/api.w.org\/{rel}","templated":true}]}}